{"id":2519,"date":"2018-10-12T06:23:07","date_gmt":"2018-10-12T06:23:07","guid":{"rendered":"http:\/\/alpingarden.ro\/gdpr\/"},"modified":"2020-12-10T10:41:58","modified_gmt":"2020-12-10T10:41:58","slug":"gdpr","status":"publish","type":"page","link":"https:\/\/alpingarden.ro\/hu\/gdpr\/","title":{"rendered":"GDPR"},"content":{"rendered":"<div>Firma noastr\u0103 <strong>SC ALPIN GARDEN SRL\u00a0<\/strong>, p\u0103streaz\u0103 \u00een condi\u021bii sigure toate informa\u021biile primite de la vizitatorii siteului \u0219i de la clien\u021bii no\u0219tri, indiferent c\u0103 sunt persoane fizice sau juridice.<\/div>\n<div>Pentru noi este foarte important \u00eencrederea pe care ni-l acorda\u021bi.<\/div>\n<div><\/div>\n<div>Mai jos pute\u021bi s\u0103 citi\u021bi cererea noastr\u0103 de acord pentru a prelucra datelor Dvs.<\/div>\n<div><\/div>\n<div>1. Noi <strong>SC\u00a0 ALPIN GARDEN SRL<\/strong> cu Codul Unic de identificare 37328709 , conform Regulamentului UE 2016\/769 al Parlamentului European \u0219i al Consiliului Uniunii Europene din data de 27.04.2016, depunem tot efortul de a p\u0103stra \u0219i a respecta datele personale ale clien\u021bilor no\u0219tri conform regulamentului de mai sus.<\/div>\n<div><\/div>\n<div>2.Date colectate si scopul acestora<\/div>\n<div>Datele sunt colectate pentru a v\u0103 putea oferi serviciul, pentru a putea factura \u0219i a emite contractul necesar. Datele colectate pe siteul nostru sunt: nume, nr. telefon, localitate (adresa de domiciliu \u0219i adresa unde trebuie s\u0103 ne deplas\u0103m pentru a putea onora contractul), ip, tip sistem de operare \u0219i limba browserului folosit.<\/div>\n<div><\/div>\n<div>3. Acordul t\u0103u\/Dvs<\/div>\n<div>&#8211; complet\u00e2nd formularul, vizit\u00e2nd siteul nostru sau contact\u00e2ndu-ne prin email sau telefon ne oferi\u021bi <strong>ACORDUL<\/strong> de a prelucra datele Dvs personale.<\/div>\n<div><\/div>\n<div>4. Perioada de p\u0103strare \u0219i stocare a datelor personale<\/div>\n<div>\u00cen mod normal aici aplic\u0103m legisla\u021bia actual\u0103 (legisla\u021bia fiscal\u0103 pentru facturi \u0219i juridica pentru contracte) ca \u0219i perioada de p\u0103strare a datelor. Cele care sunt trimise prin email, sms, sau prin formular sunt p\u0103strate timp de 75 zile dac\u0103 nu se activeaz\u0103 un serviciu.<\/div>\n<div><\/div>\n<div>5. La ce folosim aceste date &#8211; detalierea scopului folosirii datelor cu caracter personal<\/div>\n<div>&#8211; emitere facturi<\/div>\n<div>&#8211; \u00eentocmire contracte<\/div>\n<div>&#8211; pentru a putea executa lucrarea comandat\u0103<\/div>\n<div><\/div>\n<div>Datele sunt p\u0103strate \u00een format electronic.<\/div>\n<div><\/div>\n<div>6. Datele sunt transmise spre p\u0103r\u021bi ter\u021be<\/div>\n<div>&#8211; datele Dvs pot fi transmise spre p\u0103r\u021bi ter\u021be numai in cazuri speciale:<\/div>\n<div>a) firma de contabilitate<\/div>\n<div>b) la cererea organelor statului<\/div>\n<div>c) firm\u0103 de transport utilaje, dac\u0103 nu ne deplas\u0103m cu ma\u0219ina proprie<\/div>\n<div><\/div>\n<div>7. Drepturile Dvs<\/div>\n<div>&#8211; dreptul de acces la date (pute\u021bi s\u0103 cere\u021bi oric\u00e2nd ce date colect\u0103m \u0219i pentru ce scop colect\u0103m date despre Dvs)<\/div>\n<div>&#8211; dreptul de a actualiza sau a rectifica datele de\u021binute despre Dvs<\/div>\n<div>&#8211; dreptul de a \u0219terge datele cu caracter personal de\u021binute despre Dvs<\/div>\n<div>&#8211; dreptul de a restrici\u021biona datele cu caracter personal<\/div>\n<div>&#8211; dreptul de opozi\u021bie de a p\u0103stra \u0219i colecta datele Dvs<\/div>\n<div>&#8211; dreptul de portabilitate a datelor cu caracter personal<\/div>\n<div>&#8211; dreptul de a depune contesta\u021bie la organele statului dac\u0103 considera\u021bi c\u0103 nu sunt respectate drepturile dvs sau datele sunt folosite in mod abuziv<\/div>\n<div>&#8211; dreptul de a retrage acordul Dvs de a prelucra datele cu caracter personal<\/div>\n<div><\/div>\n<div>8. Ob\u021binere informa\u021bii suplimentare \u00een format electronic despre GDPR:<\/div>\n<div>\u2013 informa\u021bii pe siteul\u00a0<a href=\"http:\/\/www.dataprotection.ro\/\" target=\"_blank\" rel=\"noopener\" data-saferedirecturl=\"https:\/\/www.google.com\/url?q=http:\/\/www.dataprotection.ro&amp;source=gmail&amp;ust=1541506303395000&amp;usg=AFQjCNFNtPTxd1ICUQuFOb4PP7mYTJ1tLg\">www.dataprotection.ro<\/a><\/div>\n<div>\u2013 informa\u021bii pe siteul\u00a0<a href=\"http:\/\/ec.europa.eu\/\" target=\"_blank\" rel=\"noopener\" data-saferedirecturl=\"https:\/\/www.google.com\/url?q=http:\/\/ec.europa.eu&amp;source=gmail&amp;ust=1541506303395000&amp;usg=AFQjCNHPBnD9Q_rE9Ks0t9TVXBrMH--6GA\">ec.europa.eu<\/a><\/div>\n<div><\/div>\n<div><\/div>\n<div>9. Informa\u021bii suplimentare<\/div>\n<div>&#8211; pute\u021bi solicita informa\u021bii suplimentare pe adresa de email: alpingarden@yahoo.com<\/div>\n","protected":false},"excerpt":{"rendered":"<p>Firma noastr\u0103 SC ALPIN GARDEN SRL\u00a0, p\u0103streaz\u0103 \u00een condi\u021bii sigure toate informa\u021biile primite de la vizitatorii siteului \u0219i de la clien\u021bii no\u0219tri, indiferent c\u0103 sunt persoane fizice sau juridice. Pentru noi este foarte important \u00eencrederea pe care ni-l acorda\u021bi. Mai jos pute\u021bi s\u0103 citi\u021bi cererea noastr\u0103 de acord pentru a prelucra datelor Dvs. 1. Noi SC\u00a0 ALPIN GARDEN SRL cu Codul Unic de identificare 37328709 , conform Regulamentului UE 2016\/769 al Parlamentului European \u0219i al Consiliului Uniunii Europene din data de 27.04.2016, depunem tot efortul de a p\u0103stra \u0219i a respecta datele personale ale clien\u021bilor no\u0219tri conform regulamentului de mai [&hellip;]<\/p>\n","protected":false},"author":3,"featured_media":0,"parent":0,"menu_order":0,"comment_status":"closed","ping_status":"closed","template":"page-templates\/page_fullwidth.php","meta":[],"_links":{"self":[{"href":"https:\/\/alpingarden.ro\/hu\/wp-json\/wp\/v2\/pages\/2519"}],"collection":[{"href":"https:\/\/alpingarden.ro\/hu\/wp-json\/wp\/v2\/pages"}],"about":[{"href":"https:\/\/alpingarden.ro\/hu\/wp-json\/wp\/v2\/types\/page"}],"author":[{"embeddable":true,"href":"https:\/\/alpingarden.ro\/hu\/wp-json\/wp\/v2\/users\/3"}],"replies":[{"embeddable":true,"href":"https:\/\/alpingarden.ro\/hu\/wp-json\/wp\/v2\/comments?post=2519"}],"version-history":[{"count":1,"href":"https:\/\/alpingarden.ro\/hu\/wp-json\/wp\/v2\/pages\/2519\/revisions"}],"predecessor-version":[{"id":2520,"href":"https:\/\/alpingarden.ro\/hu\/wp-json\/wp\/v2\/pages\/2519\/revisions\/2520"}],"wp:attachment":[{"href":"https:\/\/alpingarden.ro\/hu\/wp-json\/wp\/v2\/media?parent=2519"}],"curies":[{"name":"wp","href":"https:\/\/api.w.org\/{rel}","templated":true}]}}